{"id":467,"date":"2021-04-10T21:19:38","date_gmt":"2021-04-10T21:19:38","guid":{"rendered":"http:\/\/build.rochib.com\/?page_id=467"},"modified":"2021-04-11T15:52:14","modified_gmt":"2021-04-11T15:52:14","slug":"tresol","status":"publish","type":"page","link":"https:\/\/build.rochib.com\/?page_id=467","title":{"rendered":"TRESOL"},"content":{"rendered":"<p><strong>Tresol\u00ae\u00a0<\/strong>es una placa monol\u00edtica compuesta por resinas acr\u00edlicas\/poli\u00e9ster y por mineral hidr\u00f3xido de aluminio que entre otras propiedades lo convierte a Tresol\u00ae en material totalmente ign\u00edfugo\/ retardante de llama.<\/p>\n<p>Posee una apariencia s\u00f3lida y en algunos dise\u00f1os parece piedra, pero es f\u00e1cilmente trabajable con herramientas de carpinter\u00eda convencional. Puede cortarse, perforarse, moldurarse, termoformarse e imprimirse, para ser utilizado en aplicaciones tanto verticales como horizontales.<\/p>\n<p>Su estructura compacta, sin fisuras ni poros lo hacen hidr\u00f3fugo, 100% higi\u00e9nico e inerte, requiere poco mantenimiento y es de f\u00e1cil limpieza logrando as\u00ed un producto totalmente as\u00e9ptico.<\/p>\n<p>Es un material ecol\u00f3gico, ya que puede reciclarse al 100%. Todo producto fabricado con\u00a0<strong>TRESOL\u00ae<\/strong>\u00a0puede ser reprocesado y utilizado de nuevo en su ciclo de producci\u00f3n.<\/p>\n<p>&nbsp;<\/p>\n<h3 style=\"text-align: left;\">Catalogo de colores:<\/h3>\n<h2 style=\"text-align: center;\"><a href=\"https:\/\/www.tresol.com.ar\/c\/serie-absoluta\/e19f737b78\">Serie Absoluta<\/a><\/h2>\n<p>&nbsp;<\/p>\n<p>&nbsp;<\/p>\n<p>&nbsp;<\/p>\n<p><img decoding=\"async\" loading=\"lazy\" class=\"alignleft wp-image-472\" src=\"http:\/\/build.rochib.com\/wp-content\/uploads\/2021\/04\/tresol-tamano-y-colores-222x300.jpg\" alt=\"\" width=\"644\" height=\"870\" srcset=\"https:\/\/build.rochib.com\/wp-content\/uploads\/2021\/04\/tresol-tamano-y-colores-222x300.jpg 222w, https:\/\/build.rochib.com\/wp-content\/uploads\/2021\/04\/tresol-tamano-y-colores-768x1039.jpg 768w, https:\/\/build.rochib.com\/wp-content\/uploads\/2021\/04\/tresol-tamano-y-colores-757x1024.jpg 757w, https:\/\/build.rochib.com\/wp-content\/uploads\/2021\/04\/tresol-tamano-y-colores-67x90.jpg 67w, https:\/\/build.rochib.com\/wp-content\/uploads\/2021\/04\/tresol-tamano-y-colores.jpg 1804w\" sizes=\"(max-width: 644px) 100vw, 644px\" \/><\/p>\n","protected":false},"excerpt":{"rendered":"<p>Tresol\u00ae\u00a0es una placa monol\u00edtica compuesta por resinas acr\u00edlicas\/poli\u00e9ster y por mineral hidr\u00f3xido de aluminio que entre otras propiedades lo convierte a Tresol\u00ae en material totalmente ign\u00edfugo\/ retardante de llama. Posee una apariencia s\u00f3lida y en algunos dise\u00f1os parece piedra, pero es f\u00e1cilmente trabajable con herramientas de carpinter\u00eda convencional. Puede cortarse, perforarse, moldurarse, termoformarse e imprimirse, [&hellip;]<\/p>\n","protected":false},"author":1,"featured_media":0,"parent":0,"menu_order":0,"comment_status":"closed","ping_status":"closed","template":"","meta":[],"_links":{"self":[{"href":"https:\/\/build.rochib.com\/index.php?rest_route=\/wp\/v2\/pages\/467"}],"collection":[{"href":"https:\/\/build.rochib.com\/index.php?rest_route=\/wp\/v2\/pages"}],"about":[{"href":"https:\/\/build.rochib.com\/index.php?rest_route=\/wp\/v2\/types\/page"}],"author":[{"embeddable":true,"href":"https:\/\/build.rochib.com\/index.php?rest_route=\/wp\/v2\/users\/1"}],"replies":[{"embeddable":true,"href":"https:\/\/build.rochib.com\/index.php?rest_route=%2Fwp%2Fv2%2Fcomments&post=467"}],"version-history":[{"count":6,"href":"https:\/\/build.rochib.com\/index.php?rest_route=\/wp\/v2\/pages\/467\/revisions"}],"predecessor-version":[{"id":477,"href":"https:\/\/build.rochib.com\/index.php?rest_route=\/wp\/v2\/pages\/467\/revisions\/477"}],"wp:attachment":[{"href":"https:\/\/build.rochib.com\/index.php?rest_route=%2Fwp%2Fv2%2Fmedia&parent=467"}],"curies":[{"name":"wp","href":"https:\/\/api.w.org\/{rel}","templated":true}]}}