{"id":432,"date":"2020-10-19T20:14:12","date_gmt":"2020-10-19T20:14:12","guid":{"rendered":"http:\/\/build.rochib.com\/?page_id=432"},"modified":"2021-04-11T22:33:13","modified_gmt":"2021-04-11T22:33:13","slug":"marmoleria","status":"publish","type":"page","link":"https:\/\/build.rochib.com\/?page_id=432","title":{"rendered":"Marmoleria"},"content":{"rendered":"<div id=\"jobs\" class=\"section wb\">\n<div class=\"container\">\n<div class=\"row\">\n<div class=\"col-md-6\">\n<p class=\"lead\">M\u00e1s de 40 a\u00f1os de experiencia realizando trabajos de alta calidad.<\/p>\n<p class=\"lead\">Proveemos y colocamos m\u00e1rmoles y granitos en una gran variedad de colores. Somos capaces de realizar todo tipo de dimensiones y acabados acorde a las necesidades de nuestros clientes, hecho a medida y en diferentes superficies.<\/p>\n<\/div>\n<p class=\"lead\">Nosotros lo asesoramos en la seleccion e productos. Contamos entre otros productos los siguientes:<\/p>\n<\/div>\n<h2 class=\"lead\"><a href=\"http:\/\/build.rochib.com\/?page_id=467\"><span style=\"color: #3366ff;\">Mesadas Tresol<\/span><\/a><\/h2>\n<div class=\"row mt-2\">\n<div class=\"col-md-4\">\n<div class=\"services-inner-box\">\n<h2 class=\"products-title\"><span style=\"color: #3366ff;\"><a style=\"color: #3366ff;\" href=\"http:\/\/build.rochib.com\/?page_id=451\">Mesadas silestone<\/a><\/span><\/h2>\n<\/div>\n<\/div>\n<div class=\"col-md-4\">\n<div class=\"services-inner-box\">\n<div>\u00a0<img decoding=\"async\" src=\"https:\/\/renddilabuseruploads.s3.sa-east-1.amazonaws.com\/marmoleriamm\/f577ae6b118ac628a22f5dfafe5e2780.jpg\" \/><\/div>\n<h2 class=\"products-title\">Dekton<\/h2>\n<\/div>\n<\/div>\n<div class=\"col-md-4\">\n<div class=\"services-inner-box\">\n<div><img decoding=\"async\" src=\"https:\/\/renddilabuseruploads.s3.sa-east-1.amazonaws.com\/marmoleriamm\/a08eabc27677ff5ca1f7ad755eb70c51.jpg\" \/><\/div>\n<h2 class=\"products-title\">Marmol Natural<\/h2>\n<\/div>\n<p>Bla bla bla<\/p>\n<\/div>\n<p>&nbsp;<\/p>\n<div class=\"col-md-4\">\n<div class=\"services-inner-box\">\n<h2 class=\"products-title\">Galeria:<\/h2>\n<h2 class=\"products-title\"><\/h2>\n<\/div>\n<\/div>\n<\/div>\n<\/div>\n<\/div>\n","protected":false},"excerpt":{"rendered":"<p>M\u00e1s de 40 a\u00f1os de experiencia realizando trabajos de alta calidad. Proveemos y colocamos m\u00e1rmoles y granitos en una gran variedad de colores. Somos capaces de realizar todo tipo de dimensiones y acabados acorde a las necesidades de nuestros clientes, hecho a medida y en diferentes superficies. Nosotros lo asesoramos en la seleccion e productos. [&hellip;]<\/p>\n","protected":false},"author":4,"featured_media":0,"parent":0,"menu_order":0,"comment_status":"closed","ping_status":"closed","template":"","meta":[],"_links":{"self":[{"href":"https:\/\/build.rochib.com\/index.php?rest_route=\/wp\/v2\/pages\/432"}],"collection":[{"href":"https:\/\/build.rochib.com\/index.php?rest_route=\/wp\/v2\/pages"}],"about":[{"href":"https:\/\/build.rochib.com\/index.php?rest_route=\/wp\/v2\/types\/page"}],"author":[{"embeddable":true,"href":"https:\/\/build.rochib.com\/index.php?rest_route=\/wp\/v2\/users\/4"}],"replies":[{"embeddable":true,"href":"https:\/\/build.rochib.com\/index.php?rest_route=%2Fwp%2Fv2%2Fcomments&post=432"}],"version-history":[{"count":6,"href":"https:\/\/build.rochib.com\/index.php?rest_route=\/wp\/v2\/pages\/432\/revisions"}],"predecessor-version":[{"id":449,"href":"https:\/\/build.rochib.com\/index.php?rest_route=\/wp\/v2\/pages\/432\/revisions\/449"}],"wp:attachment":[{"href":"https:\/\/build.rochib.com\/index.php?rest_route=%2Fwp%2Fv2%2Fmedia&parent=432"}],"curies":[{"name":"wp","href":"https:\/\/api.w.org\/{rel}","templated":true}]}}